{"id":29,"date":"2024-01-18T18:06:07","date_gmt":"2024-01-18T18:06:07","guid":{"rendered":"https:\/\/event.espot.fr\/?page_id=29"},"modified":"2024-02-07T10:31:23","modified_gmt":"2024-02-07T10:31:23","slug":"productions-audiovisuelles","status":"publish","type":"page","link":"https:\/\/events.espot.fr\/en\/productions-audiovisuelles\/","title":{"rendered":"Audiovisual productions"},"content":{"rendered":"<style>.elementor-29 .elementor-element.elementor-element-305e06a4{transition:background 0.3s, border 0.3s, border-radius 0.3s, box-shadow 0.3s;padding:0px 0px 0px 0px;}.elementor-29 .elementor-element.elementor-element-305e06a4 > .elementor-background-overlay{transition:background 0.3s, border-radius 0.3s, opacity 0.3s;}.elementor-29 .elementor-element.elementor-element-3b91e4d5 > .elementor-element-populated{margin:0px 0px 85px 0px;--e-column-margin-right:0px;--e-column-margin-left:0px;}.elementor-29 .elementor-element.elementor-element-7ea8a727{--spacer-size:400px;}.elementor-29 .elementor-element.elementor-element-6a952133{--spacer-size:105px;}.elementor-29 .elementor-element.elementor-element-465f24c2:not(.elementor-motion-effects-element-type-background), .elementor-29 .elementor-element.elementor-element-465f24c2 > .elementor-motion-effects-container > .elementor-motion-effects-layer{background-color:var( --e-global-color-accent );}.elementor-29 .elementor-element.elementor-element-465f24c2{transition:background 0.3s, border 0.3s, border-radius 0.3s, box-shadow 0.3s;margin-top:0px;margin-bottom:0px;padding:100px 0px 30px 0px;}.elementor-29 .elementor-element.elementor-element-465f24c2 > .elementor-background-overlay{transition:background 0.3s, border-radius 0.3s, opacity 0.3s;}.elementor-29 .elementor-element.elementor-element-f12bee4 > .elementor-element-populated{border-style:solid;border-width:0px 0px 0px 0px;}.elementor-29 .elementor-element.elementor-element-1d43d2b2{text-align:center;}.elementor-29 .elementor-element.elementor-element-1d43d2b2 .elementor-heading-title{font-family:var( --e-global-typography-secondary-font-family ), Sans-serif;font-size:var( --e-global-typography-secondary-font-size );font-weight:var( --e-global-typography-secondary-font-weight );line-height:var( --e-global-typography-secondary-line-height );letter-spacing:var( --e-global-typography-secondary-letter-spacing );color:var( --e-global-color-primary );}.elementor-29 .elementor-element.elementor-element-1d43d2b2 > .elementor-widget-container{margin:0px 0px 0px 0px;}.elementor-29 .elementor-element.elementor-element-756ab955:not(.elementor-motion-effects-element-type-background), .elementor-29 .elementor-element.elementor-element-756ab955 > .elementor-motion-effects-container > .elementor-motion-effects-layer{background-color:var( --e-global-color-accent );}.elementor-29 .elementor-element.elementor-element-756ab955{transition:background 0.3s, border 0.3s, border-radius 0.3s, box-shadow 0.3s;margin-top:0px;margin-bottom:0px;padding:0px 0px 0px 0px;}.elementor-29 .elementor-element.elementor-element-756ab955 > .elementor-background-overlay{transition:background 0.3s, border-radius 0.3s, opacity 0.3s;}.elementor-29 .elementor-element.elementor-element-2614fc8b img{width:100%;}.elementor-29 .elementor-element.elementor-element-143e08d2{--display:flex;--justify-content:space-between;--padding-top:50px;--padding-bottom:50px;--padding-left:0px;--padding-right:0px;}.elementor-29 .elementor-element.elementor-element-143e08d2.e-con{--flex-grow:0;--flex-shrink:0;}.elementor-29 .elementor-element.elementor-element-5048e3b7{--display:flex;--flex-direction:row;--container-widget-width:calc( ( 1 - var( --container-widget-flex-grow ) ) * 100% );--container-widget-height:100%;--container-widget-flex-grow:1;--container-widget-align-self:stretch;--flex-wrap-mobile:wrap;--align-items:center;--padding-top:0px;--padding-bottom:0px;--padding-left:0px;--padding-right:0px;}.elementor-29 .elementor-element.elementor-element-111586f8{font-family:\"Poppins\", Sans-serif;line-height:1.8em;letter-spacing:0.3px;width:var( --container-widget-width, 100% );max-width:100%;--container-widget-width:100%;--container-widget-flex-grow:0;}.elementor-29 .elementor-element.elementor-element-111586f8 > .elementor-widget-container{margin:0px 0px 0px 0px;padding:0px 0px 0px 0px;}.elementor-29 .elementor-element.elementor-element-627ec979:not(.elementor-motion-effects-element-type-background), .elementor-29 .elementor-element.elementor-element-627ec979 > .elementor-motion-effects-container > .elementor-motion-effects-layer{background-color:var( --e-global-color-accent );}.elementor-29 .elementor-element.elementor-element-627ec979{transition:background 0.3s, border 0.3s, border-radius 0.3s, box-shadow 0.3s;padding:100px 0px 100px 0px;}.elementor-29 .elementor-element.elementor-element-627ec979 > .elementor-background-overlay{transition:background 0.3s, border-radius 0.3s, opacity 0.3s;}.elementor-29 .elementor-element.elementor-element-57dddb12 > .elementor-element-populated{border-style:solid;border-width:0px 3px 0px 0px;border-color:var( --e-global-color-secondary );transition:background 0.3s, border 0.3s, border-radius 0.3s, box-shadow 0.3s;}.elementor-29 .elementor-element.elementor-element-57dddb12 > .elementor-element-populated, .elementor-29 .elementor-element.elementor-element-57dddb12 > .elementor-element-populated > .elementor-background-overlay, .elementor-29 .elementor-element.elementor-element-57dddb12 > .elementor-background-slideshow{border-radius:0px 0px 0px 0px;}.elementor-29 .elementor-element.elementor-element-57dddb12 > .elementor-element-populated > .elementor-background-overlay{transition:background 0.3s, border-radius 0.3s, opacity 0.3s;}.elementor-29 .elementor-element.elementor-element-2603fb03{--spacer-size:40px;}.elementor-29 .elementor-element.elementor-element-123b4204:not(.elementor-motion-effects-element-type-background), .elementor-29 .elementor-element.elementor-element-123b4204 > .elementor-motion-effects-container > .elementor-motion-effects-layer{background-color:var( --e-global-color-8901f17 );}.elementor-29 .elementor-element.elementor-element-123b4204{transition:background 0.3s, border 0.3s, border-radius 0.3s, box-shadow 0.3s;margin-top:0px;margin-bottom:0px;padding:0px 0px 0px 0px;}.elementor-29 .elementor-element.elementor-element-123b4204 > .elementor-background-overlay{transition:background 0.3s, border-radius 0.3s, opacity 0.3s;}.elementor-29 .elementor-element.elementor-element-7459b5ff img{width:100%;}.elementor-29 .elementor-element.elementor-element-586da519:not(.elementor-motion-effects-element-type-background), .elementor-29 .elementor-element.elementor-element-586da519 > .elementor-motion-effects-container > .elementor-motion-effects-layer{background-color:var( --e-global-color-8901f17 );}.elementor-29 .elementor-element.elementor-element-586da519{transition:background 0.3s, border 0.3s, border-radius 0.3s, box-shadow 0.3s;padding:100px 0px 100px 0px;}.elementor-29 .elementor-element.elementor-element-586da519 > .elementor-background-overlay{transition:background 0.3s, border-radius 0.3s, opacity 0.3s;}.elementor-29 .elementor-element.elementor-element-2450bba4 > .elementor-element-populated{border-style:solid;border-width:0px 3px 0px 0px;border-color:var( --e-global-color-secondary );transition:background 0.3s, border 0.3s, border-radius 0.3s, box-shadow 0.3s;}.elementor-29 .elementor-element.elementor-element-2450bba4 > .elementor-element-populated, .elementor-29 .elementor-element.elementor-element-2450bba4 > .elementor-element-populated > .elementor-background-overlay, .elementor-29 .elementor-element.elementor-element-2450bba4 > .elementor-background-slideshow{border-radius:0px 0px 0px 0px;}.elementor-29 .elementor-element.elementor-element-2450bba4 > .elementor-element-populated > .elementor-background-overlay{transition:background 0.3s, border-radius 0.3s, opacity 0.3s;}.elementor-29 .elementor-element.elementor-element-335d93fa{--spacer-size:40px;}.elementor-29 .elementor-element.elementor-element-6e1bf23c:not(.elementor-motion-effects-element-type-background), .elementor-29 .elementor-element.elementor-element-6e1bf23c > .elementor-motion-effects-container > .elementor-motion-effects-layer{background-color:var( --e-global-color-accent );}.elementor-29 .elementor-element.elementor-element-6e1bf23c{transition:background 0.3s, border 0.3s, border-radius 0.3s, box-shadow 0.3s;margin-top:0px;margin-bottom:0px;padding:0px 0px 100px 0px;}.elementor-29 .elementor-element.elementor-element-6e1bf23c > .elementor-background-overlay{transition:background 0.3s, border-radius 0.3s, opacity 0.3s;}.elementor-29 .elementor-element.elementor-element-64db5c35 img{width:100%;}:root{--page-title-display:none;}body.elementor-page-29:not(.elementor-motion-effects-element-type-background), body.elementor-page-29 > .elementor-motion-effects-container > .elementor-motion-effects-layer{background-color:var( --e-global-color-accent );}@media(max-width:1024px){.elementor-29 .elementor-element.elementor-element-1d43d2b2 .elementor-heading-title{font-size:var( --e-global-typography-secondary-font-size );line-height:var( --e-global-typography-secondary-line-height );letter-spacing:var( --e-global-typography-secondary-letter-spacing );}.elementor-29 .elementor-element.elementor-element-1d43d2b2 > .elementor-widget-container{margin:0px 0px -5px 10px;}.elementor-29 .elementor-element.elementor-element-627ec979{padding:50px 0px 100px 0px;}.elementor-29 .elementor-element.elementor-element-586da519{padding:50px 0px 100px 0px;}}@media(max-width:767px){.elementor-29 .elementor-element.elementor-element-465f24c2{padding:80px 0px 0px 0px;}.elementor-29 .elementor-element.elementor-element-1d43d2b2 .elementor-heading-title{font-size:var( --e-global-typography-secondary-font-size );line-height:var( --e-global-typography-secondary-line-height );letter-spacing:var( --e-global-typography-secondary-letter-spacing );}.elementor-29 .elementor-element.elementor-element-18b60e44 > .elementor-element-populated{margin:80px 0px 80px 0px;--e-column-margin-right:0px;--e-column-margin-left:0px;padding:0px 0px 0px 0px;}.elementor-29 .elementor-element.elementor-element-5048e3b7{--gap:0px 0px;--row-gap:0px;--column-gap:0px;}.elementor-29 .elementor-element.elementor-element-111586f8 > .elementor-widget-container{padding:0px 10px 0px 20px;}.elementor-29 .elementor-element.elementor-element-57dddb12{width:50%;}.elementor-29 .elementor-element.elementor-element-4987371c > .elementor-element-populated{margin:80px 0px 80px 0px;--e-column-margin-right:0px;--e-column-margin-left:0px;padding:0px 0px 0px 0px;}.elementor-29 .elementor-element.elementor-element-2450bba4{width:50%;}.elementor-29 .elementor-element.elementor-element-599f3c3d > .elementor-element-populated{margin:80px 0px 80px 0px;--e-column-margin-right:0px;--e-column-margin-left:0px;padding:0px 0px 0px 0px;}}@media(min-width:768px){.elementor-29 .elementor-element.elementor-element-143e08d2{--width:70%;}}@media(max-width:1024px) and (min-width:768px){.elementor-29 .elementor-element.elementor-element-143e08d2{--width:90%;}}<\/style>\t\t<div data-elementor-type=\"wp-page\" data-elementor-id=\"29\" class=\"elementor elementor-29\" data-elementor-post-type=\"page\">\n\t\t\t\t\t\t<section class=\"elementor-section elementor-top-section elementor-element elementor-element-305e06a4 elementor-section-boxed elementor-section-height-default elementor-section-height-default\" data-id=\"305e06a4\" data-element_type=\"section\" data-e-type=\"section\" data-settings=\"{&quot;background_background&quot;:&quot;video&quot;,&quot;background_video_link&quot;:&quot;https:\\\/\\\/youtu.be\\\/nSXhoNAdSfo&quot;,&quot;background_play_on_mobile&quot;:&quot;yes&quot;}\">\n\t\t\t\t\t\t\t\t<div class=\"elementor-background-video-container\">\n\t\t\t\t\t\t\t\t\t\t\t\t\t<div class=\"elementor-background-video-embed\" role=\"presentation\"><\/div>\n\t\t\t\t\t\t\t\t\t\t\t\t<\/div>\n\t\t\t\t\t\t\t\t<div class=\"elementor-container elementor-column-gap-default\">\n\t\t\t\t\t<div class=\"elementor-column elementor-col-100 elementor-top-column elementor-element elementor-element-3b91e4d5\" data-id=\"3b91e4d5\" data-element_type=\"column\" data-e-type=\"column\">\n\t\t\t<div class=\"elementor-widget-wrap elementor-element-populated\">\n\t\t\t\t\t\t<div class=\"elementor-element elementor-element-7ea8a727 elementor-widget elementor-widget-spacer\" data-id=\"7ea8a727\" data-element_type=\"widget\" data-e-type=\"widget\" data-widget_type=\"spacer.default\">\n\t\t\t\t<div class=\"elementor-widget-container\">\n\t\t\t\t\t\t\t<div class=\"elementor-spacer\">\n\t\t\t<div class=\"elementor-spacer-inner\"><\/div>\n\t\t<\/div>\n\t\t\t\t\t\t<\/div>\n\t\t\t\t<\/div>\n\t\t\t\t<div class=\"elementor-element elementor-element-6a952133 elementor-widget elementor-widget-spacer\" data-id=\"6a952133\" data-element_type=\"widget\" data-e-type=\"widget\" data-widget_type=\"spacer.default\">\n\t\t\t\t<div class=\"elementor-widget-container\">\n\t\t\t\t\t\t\t<div class=\"elementor-spacer\">\n\t\t\t<div class=\"elementor-spacer-inner\"><\/div>\n\t\t<\/div>\n\t\t\t\t\t\t<\/div>\n\t\t\t\t<\/div>\n\t\t\t\t\t<\/div>\n\t\t<\/div>\n\t\t\t\t\t<\/div>\n\t\t<\/section>\n\t\t\t\t<section class=\"elementor-section elementor-top-section elementor-element elementor-element-465f24c2 elementor-section-boxed elementor-section-height-default elementor-section-height-default\" data-id=\"465f24c2\" data-element_type=\"section\" data-e-type=\"section\" data-settings=\"{&quot;background_background&quot;:&quot;classic&quot;}\">\n\t\t\t\t\t\t<div class=\"elementor-container elementor-column-gap-default\">\n\t\t\t\t\t<div class=\"elementor-column elementor-col-100 elementor-top-column elementor-element elementor-element-f12bee4\" data-id=\"f12bee4\" data-element_type=\"column\" data-e-type=\"column\">\n\t\t\t<div class=\"elementor-widget-wrap elementor-element-populated\">\n\t\t\t\t\t\t<div class=\"elementor-element elementor-element-1d43d2b2 elementor-invisible elementor-widget elementor-widget-heading\" data-id=\"1d43d2b2\" data-element_type=\"widget\" data-e-type=\"widget\" data-settings=\"{&quot;_animation&quot;:&quot;fadeInUp&quot;,&quot;_animation_delay&quot;:&quot;200&quot;}\" data-widget_type=\"heading.default\">\n\t\t\t\t<div class=\"elementor-widget-container\">\n\t\t\t\t\t<h2 class=\"elementor-heading-title elementor-size-default\">Audiovisual productions\n<\/h2>\t\t\t\t<\/div>\n\t\t\t\t<\/div>\n\t\t\t\t\t<\/div>\n\t\t<\/div>\n\t\t\t\t\t<\/div>\n\t\t<\/section>\n\t\t\t\t<section class=\"elementor-section elementor-top-section elementor-element elementor-element-756ab955 elementor-section-boxed elementor-section-height-default elementor-section-height-default\" data-id=\"756ab955\" data-element_type=\"section\" data-e-type=\"section\" data-settings=\"{&quot;background_background&quot;:&quot;classic&quot;}\">\n\t\t\t\t\t\t<div class=\"elementor-container elementor-column-gap-default\">\n\t\t\t\t\t<div class=\"elementor-column elementor-col-100 elementor-top-column elementor-element elementor-element-18b60e44\" data-id=\"18b60e44\" data-element_type=\"column\" data-e-type=\"column\">\n\t\t\t<div class=\"elementor-widget-wrap elementor-element-populated\">\n\t\t\t\t\t\t<div class=\"elementor-element elementor-element-2614fc8b animated-slow elementor-invisible elementor-widget elementor-widget-image\" data-id=\"2614fc8b\" data-element_type=\"widget\" data-e-type=\"widget\" data-settings=\"{&quot;_animation&quot;:&quot;fadeIn&quot;}\" data-widget_type=\"image.default\">\n\t\t\t\t<div class=\"elementor-widget-container\">\n\t\t\t\t\t\t\t\t\t\t\t\t\t\t\t<img fetchpriority=\"high\" decoding=\"async\" width=\"2560\" height=\"1707\" src=\"https:\/\/events.espot.fr\/wp-content\/uploads\/2024\/01\/SQUEEZIE-scaled.jpg\" class=\"attachment-full size-full wp-image-503\" alt=\"\" srcset=\"https:\/\/events.espot.fr\/wp-content\/uploads\/2024\/01\/SQUEEZIE-scaled.jpg 2560w, https:\/\/events.espot.fr\/wp-content\/uploads\/2024\/01\/SQUEEZIE-300x200.jpg 300w, https:\/\/events.espot.fr\/wp-content\/uploads\/2024\/01\/SQUEEZIE-1024x683.jpg 1024w, https:\/\/events.espot.fr\/wp-content\/uploads\/2024\/01\/SQUEEZIE-768x512.jpg 768w, https:\/\/events.espot.fr\/wp-content\/uploads\/2024\/01\/SQUEEZIE-1536x1024.jpg 1536w, https:\/\/events.espot.fr\/wp-content\/uploads\/2024\/01\/SQUEEZIE-2048x1365.jpg 2048w\" sizes=\"(max-width: 2560px) 100vw, 2560px\" \/>\t\t\t\t\t\t\t\t\t\t\t\t\t\t\t<\/div>\n\t\t\t\t<\/div>\n\t\t\t\t\t<\/div>\n\t\t<\/div>\n\t\t\t\t\t<\/div>\n\t\t<\/section>\n\t\t<div class=\"elementor-element elementor-element-143e08d2 e-con-full e-flex e-con e-child\" data-id=\"143e08d2\" data-element_type=\"container\" data-e-type=\"container\">\n\t\t<div class=\"elementor-element elementor-element-5048e3b7 e-flex e-con-boxed e-con e-child\" data-id=\"5048e3b7\" data-element_type=\"container\" data-e-type=\"container\">\n\t\t\t\t\t<div class=\"e-con-inner\">\n\t\t\t\t<div class=\"elementor-element elementor-element-111586f8 elementor-widget__width-initial elementor-widget elementor-widget-text-editor\" data-id=\"111586f8\" data-element_type=\"widget\" data-e-type=\"widget\" data-widget_type=\"text-editor.default\">\n\t\t\t\t<div class=\"elementor-widget-container\">\n\t\t\t\t\t\t\t\t\t<p class=\"translation-block\">ESpot has already hosted numerous audiovisual productions in our Arena. With our <\/span><a href=\"https:\/\/event.espot.fr\/agence-integree\/\" target=\"_self\"><span style=\"font-weight: 400\">In-house agency<\/span><\/a><span style=\"font-weight: 400\">, we can help you produce your show with our technical team. We have the only fully equipped TV studio in central Paris, with a screen of over 30m\u00b2. You can set up the studio as you wish and install your own furniture. The Arena boasts the very best equipment for a television set, with a fully equipped control room capable of producing all types of programs, live or recorded. Our permanent production team and, if required, external service providers are at your disposal. It is also possible to bring in your own service providers.<\/p>\t\t\t\t\t\t\t\t<\/div>\n\t\t\t\t<\/div>\n\t\t\t\t\t<\/div>\n\t\t\t\t<\/div>\n\t\t\t\t<\/div>\n\t\t\t\t<section class=\"elementor-section elementor-top-section elementor-element elementor-element-627ec979 elementor-section-boxed elementor-section-height-default elementor-section-height-default\" data-id=\"627ec979\" data-element_type=\"section\" data-e-type=\"section\" data-settings=\"{&quot;background_background&quot;:&quot;classic&quot;}\">\n\t\t\t\t\t\t<div class=\"elementor-container elementor-column-gap-default\">\n\t\t\t\t\t<div class=\"elementor-column elementor-col-50 elementor-top-column elementor-element elementor-element-57dddb12 elementor-invisible\" data-id=\"57dddb12\" data-element_type=\"column\" data-e-type=\"column\" data-settings=\"{&quot;background_background&quot;:&quot;classic&quot;,&quot;animation&quot;:&quot;fadeInUp&quot;,&quot;animation_delay&quot;:&quot;200&quot;}\">\n\t\t\t<div class=\"elementor-widget-wrap elementor-element-populated\">\n\t\t\t\t\t\t<div class=\"elementor-element elementor-element-2603fb03 elementor-widget elementor-widget-spacer\" data-id=\"2603fb03\" data-element_type=\"widget\" data-e-type=\"widget\" data-widget_type=\"spacer.default\">\n\t\t\t\t<div class=\"elementor-widget-container\">\n\t\t\t\t\t\t\t<div class=\"elementor-spacer\">\n\t\t\t<div class=\"elementor-spacer-inner\"><\/div>\n\t\t<\/div>\n\t\t\t\t\t\t<\/div>\n\t\t\t\t<\/div>\n\t\t\t\t\t<\/div>\n\t\t<\/div>\n\t\t\t\t<div class=\"elementor-column elementor-col-50 elementor-top-column elementor-element elementor-element-17845041\" data-id=\"17845041\" data-element_type=\"column\" data-e-type=\"column\">\n\t\t\t<div class=\"elementor-widget-wrap\">\n\t\t\t\t\t\t\t<\/div>\n\t\t<\/div>\n\t\t\t\t\t<\/div>\n\t\t<\/section>\n\t\t\t\t<section class=\"elementor-section elementor-top-section elementor-element elementor-element-123b4204 elementor-section-boxed elementor-section-height-default elementor-section-height-default\" data-id=\"123b4204\" data-element_type=\"section\" data-e-type=\"section\" data-settings=\"{&quot;background_background&quot;:&quot;classic&quot;}\">\n\t\t\t\t\t\t<div class=\"elementor-container elementor-column-gap-default\">\n\t\t\t\t\t<div class=\"elementor-column elementor-col-100 elementor-top-column elementor-element elementor-element-4987371c\" data-id=\"4987371c\" data-element_type=\"column\" data-e-type=\"column\">\n\t\t\t<div class=\"elementor-widget-wrap elementor-element-populated\">\n\t\t\t\t\t\t<div class=\"elementor-element elementor-element-7459b5ff animated-slow elementor-invisible elementor-widget elementor-widget-image\" data-id=\"7459b5ff\" data-element_type=\"widget\" data-e-type=\"widget\" data-settings=\"{&quot;_animation&quot;:&quot;fadeIn&quot;}\" data-widget_type=\"image.default\">\n\t\t\t\t<div class=\"elementor-widget-container\">\n\t\t\t\t\t\t\t\t\t\t\t\t\t\t\t<img decoding=\"async\" width=\"2560\" height=\"1707\" src=\"https:\/\/events.espot.fr\/wp-content\/uploads\/2024\/01\/REGIE-scaled.jpg\" class=\"attachment-full size-full wp-image-505\" alt=\"\" srcset=\"https:\/\/events.espot.fr\/wp-content\/uploads\/2024\/01\/REGIE-scaled.jpg 2560w, https:\/\/events.espot.fr\/wp-content\/uploads\/2024\/01\/REGIE-300x200.jpg 300w, https:\/\/events.espot.fr\/wp-content\/uploads\/2024\/01\/REGIE-1024x683.jpg 1024w, https:\/\/events.espot.fr\/wp-content\/uploads\/2024\/01\/REGIE-768x512.jpg 768w, https:\/\/events.espot.fr\/wp-content\/uploads\/2024\/01\/REGIE-1536x1024.jpg 1536w, https:\/\/events.espot.fr\/wp-content\/uploads\/2024\/01\/REGIE-2048x1365.jpg 2048w\" sizes=\"(max-width: 2560px) 100vw, 2560px\" \/>\t\t\t\t\t\t\t\t\t\t\t\t\t\t\t<\/div>\n\t\t\t\t<\/div>\n\t\t\t\t\t<\/div>\n\t\t<\/div>\n\t\t\t\t\t<\/div>\n\t\t<\/section>\n\t\t\t\t<section class=\"elementor-section elementor-top-section elementor-element elementor-element-586da519 elementor-section-boxed elementor-section-height-default elementor-section-height-default\" data-id=\"586da519\" data-element_type=\"section\" data-e-type=\"section\" data-settings=\"{&quot;background_background&quot;:&quot;classic&quot;}\">\n\t\t\t\t\t\t<div class=\"elementor-container elementor-column-gap-default\">\n\t\t\t\t\t<div class=\"elementor-column elementor-col-50 elementor-top-column elementor-element elementor-element-2450bba4 elementor-invisible\" data-id=\"2450bba4\" data-element_type=\"column\" data-e-type=\"column\" data-settings=\"{&quot;background_background&quot;:&quot;classic&quot;,&quot;animation&quot;:&quot;fadeInUp&quot;,&quot;animation_delay&quot;:&quot;200&quot;}\">\n\t\t\t<div class=\"elementor-widget-wrap elementor-element-populated\">\n\t\t\t\t\t\t<div class=\"elementor-element elementor-element-335d93fa elementor-widget elementor-widget-spacer\" data-id=\"335d93fa\" data-element_type=\"widget\" data-e-type=\"widget\" data-widget_type=\"spacer.default\">\n\t\t\t\t<div class=\"elementor-widget-container\">\n\t\t\t\t\t\t\t<div class=\"elementor-spacer\">\n\t\t\t<div class=\"elementor-spacer-inner\"><\/div>\n\t\t<\/div>\n\t\t\t\t\t\t<\/div>\n\t\t\t\t<\/div>\n\t\t\t\t\t<\/div>\n\t\t<\/div>\n\t\t\t\t<div class=\"elementor-column elementor-col-50 elementor-top-column elementor-element elementor-element-32868c0c\" data-id=\"32868c0c\" data-element_type=\"column\" data-e-type=\"column\">\n\t\t\t<div class=\"elementor-widget-wrap\">\n\t\t\t\t\t\t\t<\/div>\n\t\t<\/div>\n\t\t\t\t\t<\/div>\n\t\t<\/section>\n\t\t\t\t<section class=\"elementor-section elementor-top-section elementor-element elementor-element-6e1bf23c elementor-section-boxed elementor-section-height-default elementor-section-height-default\" data-id=\"6e1bf23c\" data-element_type=\"section\" data-e-type=\"section\" data-settings=\"{&quot;background_background&quot;:&quot;classic&quot;}\">\n\t\t\t\t\t\t<div class=\"elementor-container elementor-column-gap-default\">\n\t\t\t\t\t<div class=\"elementor-column elementor-col-100 elementor-top-column elementor-element elementor-element-599f3c3d\" data-id=\"599f3c3d\" data-element_type=\"column\" data-e-type=\"column\">\n\t\t\t<div class=\"elementor-widget-wrap elementor-element-populated\">\n\t\t\t\t\t\t<div class=\"elementor-element elementor-element-64db5c35 animated-slow elementor-invisible elementor-widget elementor-widget-image\" data-id=\"64db5c35\" data-element_type=\"widget\" data-e-type=\"widget\" data-settings=\"{&quot;_animation&quot;:&quot;fadeIn&quot;}\" data-widget_type=\"image.default\">\n\t\t\t\t<div class=\"elementor-widget-container\">\n\t\t\t\t\t\t\t\t\t\t\t\t\t\t\t<img decoding=\"async\" width=\"2560\" height=\"1920\" src=\"https:\/\/events.espot.fr\/wp-content\/uploads\/2024\/01\/PROD-scaled.jpg\" class=\"attachment-full size-full wp-image-504\" alt=\"\" srcset=\"https:\/\/events.espot.fr\/wp-content\/uploads\/2024\/01\/PROD-scaled.jpg 2560w, https:\/\/events.espot.fr\/wp-content\/uploads\/2024\/01\/PROD-300x225.jpg 300w, https:\/\/events.espot.fr\/wp-content\/uploads\/2024\/01\/PROD-1024x768.jpg 1024w, https:\/\/events.espot.fr\/wp-content\/uploads\/2024\/01\/PROD-768x576.jpg 768w, https:\/\/events.espot.fr\/wp-content\/uploads\/2024\/01\/PROD-1536x1152.jpg 1536w, https:\/\/events.espot.fr\/wp-content\/uploads\/2024\/01\/PROD-2048x1536.jpg 2048w\" sizes=\"(max-width: 2560px) 100vw, 2560px\" \/>\t\t\t\t\t\t\t\t\t\t\t\t\t\t\t<\/div>\n\t\t\t\t<\/div>\n\t\t\t\t\t<\/div>\n\t\t<\/div>\n\t\t\t\t\t<\/div>\n\t\t<\/section>\n\t\t\t\t<\/div>","protected":false},"excerpt":{"rendered":"<p>Productions audiovisuelles L\u2019ESpot a d\u00e9j\u00e0 accueilli de nombreuses productions audiovisuelles dans notre Ar\u00e8ne. Avec notre Agence int\u00e9gr\u00e9e, nous vous accompagnons dans la r\u00e9alisation de votre \u00e9mission avec notre \u00e9quipe technique. Nous disposons du seul studio de t\u00e9l\u00e9vision tout \u00e9quip\u00e9 au centre de Paris avec un \u00e9cran de plus de 30m\u00b2. Il est possible d\u2019am\u00e9nager le [&hellip;]<\/p>\n","protected":false},"author":1,"featured_media":0,"parent":0,"menu_order":0,"comment_status":"closed","ping_status":"closed","template":"elementor_header_footer","meta":{"inline_featured_image":false,"footnotes":""},"class_list":["post-29","page","type-page","status-publish","hentry"],"_links":{"self":[{"href":"https:\/\/events.espot.fr\/en\/wp-json\/wp\/v2\/pages\/29","targetHints":{"allow":["GET"]}}],"collection":[{"href":"https:\/\/events.espot.fr\/en\/wp-json\/wp\/v2\/pages"}],"about":[{"href":"https:\/\/events.espot.fr\/en\/wp-json\/wp\/v2\/types\/page"}],"author":[{"embeddable":true,"href":"https:\/\/events.espot.fr\/en\/wp-json\/wp\/v2\/users\/1"}],"replies":[{"embeddable":true,"href":"https:\/\/events.espot.fr\/en\/wp-json\/wp\/v2\/comments?post=29"}],"version-history":[{"count":19,"href":"https:\/\/events.espot.fr\/en\/wp-json\/wp\/v2\/pages\/29\/revisions"}],"predecessor-version":[{"id":1165,"href":"https:\/\/events.espot.fr\/en\/wp-json\/wp\/v2\/pages\/29\/revisions\/1165"}],"wp:attachment":[{"href":"https:\/\/events.espot.fr\/en\/wp-json\/wp\/v2\/media?parent=29"}],"curies":[{"name":"wp","href":"https:\/\/api.w.org\/{rel}","templated":true}]}}