{"id":41,"date":"2024-01-18T18:12:24","date_gmt":"2024-01-18T18:12:24","guid":{"rendered":"https:\/\/event.espot.fr\/?page_id=41"},"modified":"2024-02-01T08:48:14","modified_gmt":"2024-02-01T08:48:14","slug":"watchparties","status":"publish","type":"page","link":"https:\/\/events.espot.fr\/en\/watchparties\/","title":{"rendered":"Watchparties"},"content":{"rendered":"<style>.elementor-41 .elementor-element.elementor-element-3ab7ca42{transition:background 0.3s, border 0.3s, border-radius 0.3s, box-shadow 0.3s;padding:0px 0px 0px 0px;}.elementor-41 .elementor-element.elementor-element-3ab7ca42 > .elementor-background-overlay{transition:background 0.3s, border-radius 0.3s, opacity 0.3s;}.elementor-41 .elementor-element.elementor-element-4de36ea6 > .elementor-element-populated{margin:0px 0px 85px 0px;--e-column-margin-right:0px;--e-column-margin-left:0px;}.elementor-41 .elementor-element.elementor-element-7305bce0{--spacer-size:400px;}.elementor-41 .elementor-element.elementor-element-6cb1c4f8{--spacer-size:105px;}.elementor-41 .elementor-element.elementor-element-1b822316:not(.elementor-motion-effects-element-type-background), .elementor-41 .elementor-element.elementor-element-1b822316 > .elementor-motion-effects-container > .elementor-motion-effects-layer{background-color:var( --e-global-color-accent );}.elementor-41 .elementor-element.elementor-element-1b822316{transition:background 0.3s, border 0.3s, border-radius 0.3s, box-shadow 0.3s;margin-top:0px;margin-bottom:0px;padding:100px 0px 30px 0px;}.elementor-41 .elementor-element.elementor-element-1b822316 > .elementor-background-overlay{transition:background 0.3s, border-radius 0.3s, opacity 0.3s;}.elementor-41 .elementor-element.elementor-element-5faae8f5 > .elementor-element-populated{border-style:solid;border-width:0px 0px 0px 0px;}.elementor-41 .elementor-element.elementor-element-6219b22f{text-align:center;}.elementor-41 .elementor-element.elementor-element-6219b22f .elementor-heading-title{font-family:var( --e-global-typography-secondary-font-family ), Sans-serif;font-size:var( --e-global-typography-secondary-font-size );font-weight:var( --e-global-typography-secondary-font-weight );line-height:var( --e-global-typography-secondary-line-height );letter-spacing:var( --e-global-typography-secondary-letter-spacing );color:var( --e-global-color-primary );}.elementor-41 .elementor-element.elementor-element-6219b22f > .elementor-widget-container{margin:0px 0px 0px 0px;}.elementor-41 .elementor-element.elementor-element-5d7650db:not(.elementor-motion-effects-element-type-background), .elementor-41 .elementor-element.elementor-element-5d7650db > .elementor-motion-effects-container > .elementor-motion-effects-layer{background-color:var( --e-global-color-accent );}.elementor-41 .elementor-element.elementor-element-5d7650db{transition:background 0.3s, border 0.3s, border-radius 0.3s, box-shadow 0.3s;margin-top:0px;margin-bottom:0px;padding:0px 0px 0px 0px;}.elementor-41 .elementor-element.elementor-element-5d7650db > .elementor-background-overlay{transition:background 0.3s, border-radius 0.3s, opacity 0.3s;}.elementor-41 .elementor-element.elementor-element-121fffb6 img{width:100%;}.elementor-41 .elementor-element.elementor-element-2d990249{--display:flex;--justify-content:space-between;--padding-top:50px;--padding-bottom:0px;--padding-left:0px;--padding-right:0px;}.elementor-41 .elementor-element.elementor-element-2d990249.e-con{--flex-grow:0;--flex-shrink:0;}.elementor-41 .elementor-element.elementor-element-633fc8a6{--display:flex;--flex-direction:row;--container-widget-width:calc( ( 1 - var( --container-widget-flex-grow ) ) * 100% );--container-widget-height:100%;--container-widget-flex-grow:1;--container-widget-align-self:stretch;--flex-wrap-mobile:wrap;--align-items:center;--padding-top:0px;--padding-bottom:0px;--padding-left:0px;--padding-right:0px;}.elementor-41 .elementor-element.elementor-element-79ee6be0{font-family:\"Poppins\", Sans-serif;line-height:1.8em;letter-spacing:0.3px;width:var( --container-widget-width, 100% );max-width:100%;--container-widget-width:100%;--container-widget-flex-grow:0;}.elementor-41 .elementor-element.elementor-element-79ee6be0 > .elementor-widget-container{margin:0px 0px 0px 0px;padding:0px 0px 0px 0px;}.elementor-41 .elementor-element.elementor-element-41f2f3ad:not(.elementor-motion-effects-element-type-background), .elementor-41 .elementor-element.elementor-element-41f2f3ad > .elementor-motion-effects-container > .elementor-motion-effects-layer{background-color:var( --e-global-color-accent );}.elementor-41 .elementor-element.elementor-element-41f2f3ad{transition:background 0.3s, border 0.3s, border-radius 0.3s, box-shadow 0.3s;padding:100px 0px 100px 0px;}.elementor-41 .elementor-element.elementor-element-41f2f3ad > .elementor-background-overlay{transition:background 0.3s, border-radius 0.3s, opacity 0.3s;}.elementor-41 .elementor-element.elementor-element-7f0930d9 > .elementor-element-populated{border-style:solid;border-width:0px 3px 0px 0px;border-color:var( --e-global-color-secondary );transition:background 0.3s, border 0.3s, border-radius 0.3s, box-shadow 0.3s;}.elementor-41 .elementor-element.elementor-element-7f0930d9 > .elementor-element-populated, .elementor-41 .elementor-element.elementor-element-7f0930d9 > .elementor-element-populated > .elementor-background-overlay, .elementor-41 .elementor-element.elementor-element-7f0930d9 > .elementor-background-slideshow{border-radius:0px 0px 0px 0px;}.elementor-41 .elementor-element.elementor-element-7f0930d9 > .elementor-element-populated > .elementor-background-overlay{transition:background 0.3s, border-radius 0.3s, opacity 0.3s;}.elementor-41 .elementor-element.elementor-element-1dbefe8d{--spacer-size:40px;}.elementor-41 .elementor-element.elementor-element-70aca520:not(.elementor-motion-effects-element-type-background), .elementor-41 .elementor-element.elementor-element-70aca520 > .elementor-motion-effects-container > .elementor-motion-effects-layer{background-color:var( --e-global-color-8901f17 );}.elementor-41 .elementor-element.elementor-element-70aca520{transition:background 0.3s, border 0.3s, border-radius 0.3s, box-shadow 0.3s;margin-top:0px;margin-bottom:0px;padding:0px 0px 0px 0px;}.elementor-41 .elementor-element.elementor-element-70aca520 > .elementor-background-overlay{transition:background 0.3s, border-radius 0.3s, opacity 0.3s;}.elementor-41 .elementor-element.elementor-element-6830534 img{width:100%;}.elementor-41 .elementor-element.elementor-element-7bd9078c:not(.elementor-motion-effects-element-type-background), .elementor-41 .elementor-element.elementor-element-7bd9078c > .elementor-motion-effects-container > .elementor-motion-effects-layer{background-color:var( --e-global-color-8901f17 );}.elementor-41 .elementor-element.elementor-element-7bd9078c{transition:background 0.3s, border 0.3s, border-radius 0.3s, box-shadow 0.3s;padding:100px 0px 100px 0px;}.elementor-41 .elementor-element.elementor-element-7bd9078c > .elementor-background-overlay{transition:background 0.3s, border-radius 0.3s, opacity 0.3s;}.elementor-41 .elementor-element.elementor-element-6c496aff > .elementor-element-populated{border-style:solid;border-width:0px 3px 0px 0px;border-color:var( --e-global-color-secondary );transition:background 0.3s, border 0.3s, border-radius 0.3s, box-shadow 0.3s;}.elementor-41 .elementor-element.elementor-element-6c496aff > .elementor-element-populated, .elementor-41 .elementor-element.elementor-element-6c496aff > .elementor-element-populated > .elementor-background-overlay, .elementor-41 .elementor-element.elementor-element-6c496aff > .elementor-background-slideshow{border-radius:0px 0px 0px 0px;}.elementor-41 .elementor-element.elementor-element-6c496aff > .elementor-element-populated > .elementor-background-overlay{transition:background 0.3s, border-radius 0.3s, opacity 0.3s;}.elementor-41 .elementor-element.elementor-element-3d41fcb6{--spacer-size:40px;}.elementor-41 .elementor-element.elementor-element-242a753c:not(.elementor-motion-effects-element-type-background), .elementor-41 .elementor-element.elementor-element-242a753c > .elementor-motion-effects-container > .elementor-motion-effects-layer{background-color:var( --e-global-color-accent );}.elementor-41 .elementor-element.elementor-element-242a753c{transition:background 0.3s, border 0.3s, border-radius 0.3s, box-shadow 0.3s;margin-top:0px;margin-bottom:0px;padding:0px 0px 100px 0px;}.elementor-41 .elementor-element.elementor-element-242a753c > .elementor-background-overlay{transition:background 0.3s, border-radius 0.3s, opacity 0.3s;}.elementor-41 .elementor-element.elementor-element-7b1fc7b3 img{width:100%;}:root{--page-title-display:none;}body.elementor-page-41:not(.elementor-motion-effects-element-type-background), body.elementor-page-41 > .elementor-motion-effects-container > .elementor-motion-effects-layer{background-color:var( --e-global-color-accent );}@media(max-width:1024px){.elementor-41 .elementor-element.elementor-element-6219b22f .elementor-heading-title{font-size:var( --e-global-typography-secondary-font-size );line-height:var( --e-global-typography-secondary-line-height );letter-spacing:var( --e-global-typography-secondary-letter-spacing );}.elementor-41 .elementor-element.elementor-element-6219b22f > .elementor-widget-container{margin:0px 0px -5px 10px;}.elementor-41 .elementor-element.elementor-element-41f2f3ad{padding:50px 0px 100px 0px;}.elementor-41 .elementor-element.elementor-element-7bd9078c{padding:50px 0px 100px 0px;}}@media(max-width:767px){.elementor-41 .elementor-element.elementor-element-1b822316{padding:80px 0px 0px 0px;}.elementor-41 .elementor-element.elementor-element-6219b22f .elementor-heading-title{font-size:var( --e-global-typography-secondary-font-size );line-height:var( --e-global-typography-secondary-line-height );letter-spacing:var( --e-global-typography-secondary-letter-spacing );}.elementor-41 .elementor-element.elementor-element-7e86c15b > .elementor-element-populated{margin:80px 0px 80px 0px;--e-column-margin-right:0px;--e-column-margin-left:0px;padding:0px 0px 0px 0px;}.elementor-41 .elementor-element.elementor-element-633fc8a6{--gap:0px 0px;--row-gap:0px;--column-gap:0px;}.elementor-41 .elementor-element.elementor-element-79ee6be0 > .elementor-widget-container{padding:0px 10px 0px 20px;}.elementor-41 .elementor-element.elementor-element-7f0930d9{width:50%;}.elementor-41 .elementor-element.elementor-element-3fb2af22 > .elementor-element-populated{margin:80px 0px 80px 0px;--e-column-margin-right:0px;--e-column-margin-left:0px;padding:0px 0px 0px 0px;}.elementor-41 .elementor-element.elementor-element-6c496aff{width:50%;}.elementor-41 .elementor-element.elementor-element-35732202 > .elementor-element-populated{margin:80px 0px 80px 0px;--e-column-margin-right:0px;--e-column-margin-left:0px;padding:0px 0px 0px 0px;}}@media(min-width:768px){.elementor-41 .elementor-element.elementor-element-2d990249{--width:70%;}}@media(max-width:1024px) and (min-width:768px){.elementor-41 .elementor-element.elementor-element-2d990249{--width:90%;}}<\/style>\t\t<div data-elementor-type=\"wp-page\" data-elementor-id=\"41\" class=\"elementor elementor-41\" data-elementor-post-type=\"page\">\n\t\t\t\t\t\t<section class=\"elementor-section elementor-top-section elementor-element elementor-element-3ab7ca42 elementor-section-boxed elementor-section-height-default elementor-section-height-default\" data-id=\"3ab7ca42\" data-element_type=\"section\" data-e-type=\"section\" data-settings=\"{&quot;background_background&quot;:&quot;video&quot;,&quot;background_video_link&quot;:&quot;https:\\\/\\\/youtu.be\\\/_wBTaj0y1DY&quot;,&quot;background_play_on_mobile&quot;:&quot;yes&quot;}\">\n\t\t\t\t\t\t\t\t<div class=\"elementor-background-video-container\">\n\t\t\t\t\t\t\t\t\t\t\t\t\t<div class=\"elementor-background-video-embed\" role=\"presentation\"><\/div>\n\t\t\t\t\t\t\t\t\t\t\t\t<\/div>\n\t\t\t\t\t\t\t\t<div class=\"elementor-container elementor-column-gap-default\">\n\t\t\t\t\t<div class=\"elementor-column elementor-col-100 elementor-top-column elementor-element elementor-element-4de36ea6\" data-id=\"4de36ea6\" data-element_type=\"column\" data-e-type=\"column\">\n\t\t\t<div class=\"elementor-widget-wrap elementor-element-populated\">\n\t\t\t\t\t\t<div class=\"elementor-element elementor-element-7305bce0 elementor-widget elementor-widget-spacer\" data-id=\"7305bce0\" data-element_type=\"widget\" data-e-type=\"widget\" data-widget_type=\"spacer.default\">\n\t\t\t\t<div class=\"elementor-widget-container\">\n\t\t\t\t\t\t\t<div class=\"elementor-spacer\">\n\t\t\t<div class=\"elementor-spacer-inner\"><\/div>\n\t\t<\/div>\n\t\t\t\t\t\t<\/div>\n\t\t\t\t<\/div>\n\t\t\t\t<div class=\"elementor-element elementor-element-6cb1c4f8 elementor-widget elementor-widget-spacer\" data-id=\"6cb1c4f8\" data-element_type=\"widget\" data-e-type=\"widget\" data-widget_type=\"spacer.default\">\n\t\t\t\t<div class=\"elementor-widget-container\">\n\t\t\t\t\t\t\t<div class=\"elementor-spacer\">\n\t\t\t<div class=\"elementor-spacer-inner\"><\/div>\n\t\t<\/div>\n\t\t\t\t\t\t<\/div>\n\t\t\t\t<\/div>\n\t\t\t\t\t<\/div>\n\t\t<\/div>\n\t\t\t\t\t<\/div>\n\t\t<\/section>\n\t\t\t\t<section class=\"elementor-section elementor-top-section elementor-element elementor-element-1b822316 elementor-section-boxed elementor-section-height-default elementor-section-height-default\" data-id=\"1b822316\" data-element_type=\"section\" data-e-type=\"section\" data-settings=\"{&quot;background_background&quot;:&quot;classic&quot;}\">\n\t\t\t\t\t\t<div class=\"elementor-container elementor-column-gap-default\">\n\t\t\t\t\t<div class=\"elementor-column elementor-col-100 elementor-top-column elementor-element elementor-element-5faae8f5\" data-id=\"5faae8f5\" data-element_type=\"column\" data-e-type=\"column\">\n\t\t\t<div class=\"elementor-widget-wrap elementor-element-populated\">\n\t\t\t\t\t\t<div class=\"elementor-element elementor-element-6219b22f elementor-invisible elementor-widget elementor-widget-heading\" data-id=\"6219b22f\" data-element_type=\"widget\" data-e-type=\"widget\" data-settings=\"{&quot;_animation&quot;:&quot;fadeInUp&quot;,&quot;_animation_delay&quot;:&quot;200&quot;}\" data-widget_type=\"heading.default\">\n\t\t\t\t<div class=\"elementor-widget-container\">\n\t\t\t\t\t<h2 class=\"elementor-heading-title elementor-size-default\">Watchparties<\/h2>\t\t\t\t<\/div>\n\t\t\t\t<\/div>\n\t\t\t\t\t<\/div>\n\t\t<\/div>\n\t\t\t\t\t<\/div>\n\t\t<\/section>\n\t\t\t\t<section class=\"elementor-section elementor-top-section elementor-element elementor-element-5d7650db elementor-section-boxed elementor-section-height-default elementor-section-height-default\" data-id=\"5d7650db\" data-element_type=\"section\" data-e-type=\"section\" data-settings=\"{&quot;background_background&quot;:&quot;classic&quot;}\">\n\t\t\t\t\t\t<div class=\"elementor-container elementor-column-gap-default\">\n\t\t\t\t\t<div class=\"elementor-column elementor-col-100 elementor-top-column elementor-element elementor-element-7e86c15b\" data-id=\"7e86c15b\" data-element_type=\"column\" data-e-type=\"column\">\n\t\t\t<div class=\"elementor-widget-wrap elementor-element-populated\">\n\t\t\t\t\t\t<div class=\"elementor-element elementor-element-121fffb6 animated-slow elementor-invisible elementor-widget elementor-widget-image\" data-id=\"121fffb6\" data-element_type=\"widget\" data-e-type=\"widget\" data-settings=\"{&quot;_animation&quot;:&quot;fadeIn&quot;}\" data-widget_type=\"image.default\">\n\t\t\t\t<div class=\"elementor-widget-container\">\n\t\t\t\t\t\t\t\t\t\t\t\t\t\t\t<img fetchpriority=\"high\" decoding=\"async\" width=\"2560\" height=\"1707\" src=\"https:\/\/events.espot.fr\/wp-content\/uploads\/2024\/01\/Karmine-Corp.jpg\" class=\"attachment-full size-full wp-image-552\" alt=\"\" srcset=\"https:\/\/events.espot.fr\/wp-content\/uploads\/2024\/01\/Karmine-Corp.jpg 2560w, https:\/\/events.espot.fr\/wp-content\/uploads\/2024\/01\/Karmine-Corp-300x200.jpg 300w, https:\/\/events.espot.fr\/wp-content\/uploads\/2024\/01\/Karmine-Corp-1024x683.jpg 1024w, https:\/\/events.espot.fr\/wp-content\/uploads\/2024\/01\/Karmine-Corp-768x512.jpg 768w, https:\/\/events.espot.fr\/wp-content\/uploads\/2024\/01\/Karmine-Corp-1536x1024.jpg 1536w, https:\/\/events.espot.fr\/wp-content\/uploads\/2024\/01\/Karmine-Corp-2048x1366.jpg 2048w\" sizes=\"(max-width: 2560px) 100vw, 2560px\" \/>\t\t\t\t\t\t\t\t\t\t\t\t\t\t\t<\/div>\n\t\t\t\t<\/div>\n\t\t\t\t\t<\/div>\n\t\t<\/div>\n\t\t\t\t\t<\/div>\n\t\t<\/section>\n\t\t<div class=\"elementor-element elementor-element-2d990249 e-con-full e-flex e-con e-child\" data-id=\"2d990249\" data-element_type=\"container\" data-e-type=\"container\">\n\t\t<div class=\"elementor-element elementor-element-633fc8a6 e-flex e-con-boxed e-con e-child\" data-id=\"633fc8a6\" data-element_type=\"container\" data-e-type=\"container\">\n\t\t\t\t\t<div class=\"e-con-inner\">\n\t\t\t\t<div class=\"elementor-element elementor-element-79ee6be0 elementor-widget__width-initial elementor-widget elementor-widget-text-editor\" data-id=\"79ee6be0\" data-element_type=\"widget\" data-e-type=\"widget\" data-widget_type=\"text-editor.default\">\n\t\t\t\t<div class=\"elementor-widget-container\">\n\t\t\t\t\t\t\t\t\t<p><span style=\"font-weight: 400;\">ESpot Paris has played host to some of the world's greatest sporting events. Featuring a fully modular multi-purpose space and a giant 6m\u00b2 screen, it can accommodate up to 300 people in standing configuration, and up to 100 comfortably seated. Our space is fully customizable to suit the atmosphere you want to create at your watchparty. Our arena seats 150 people, with the public able to watch the show live and follow the streams via TVs on the poles. <\/span><\/p>\t\t\t\t\t\t\t\t<\/div>\n\t\t\t\t<\/div>\n\t\t\t\t\t<\/div>\n\t\t\t\t<\/div>\n\t\t\t\t<\/div>\n\t\t\t\t<section class=\"elementor-section elementor-top-section elementor-element elementor-element-41f2f3ad elementor-section-boxed elementor-section-height-default elementor-section-height-default\" data-id=\"41f2f3ad\" data-element_type=\"section\" data-e-type=\"section\" data-settings=\"{&quot;background_background&quot;:&quot;classic&quot;}\">\n\t\t\t\t\t\t<div class=\"elementor-container elementor-column-gap-default\">\n\t\t\t\t\t<div class=\"elementor-column elementor-col-50 elementor-top-column elementor-element elementor-element-7f0930d9 elementor-invisible\" data-id=\"7f0930d9\" data-element_type=\"column\" data-e-type=\"column\" data-settings=\"{&quot;background_background&quot;:&quot;classic&quot;,&quot;animation&quot;:&quot;fadeInUp&quot;,&quot;animation_delay&quot;:&quot;200&quot;}\">\n\t\t\t<div class=\"elementor-widget-wrap elementor-element-populated\">\n\t\t\t\t\t\t<div class=\"elementor-element elementor-element-1dbefe8d elementor-widget elementor-widget-spacer\" data-id=\"1dbefe8d\" data-element_type=\"widget\" data-e-type=\"widget\" data-widget_type=\"spacer.default\">\n\t\t\t\t<div class=\"elementor-widget-container\">\n\t\t\t\t\t\t\t<div class=\"elementor-spacer\">\n\t\t\t<div class=\"elementor-spacer-inner\"><\/div>\n\t\t<\/div>\n\t\t\t\t\t\t<\/div>\n\t\t\t\t<\/div>\n\t\t\t\t\t<\/div>\n\t\t<\/div>\n\t\t\t\t<div class=\"elementor-column elementor-col-50 elementor-top-column elementor-element elementor-element-3f9894ba\" data-id=\"3f9894ba\" data-element_type=\"column\" data-e-type=\"column\">\n\t\t\t<div class=\"elementor-widget-wrap\">\n\t\t\t\t\t\t\t<\/div>\n\t\t<\/div>\n\t\t\t\t\t<\/div>\n\t\t<\/section>\n\t\t\t\t<section class=\"elementor-section elementor-top-section elementor-element elementor-element-70aca520 elementor-section-boxed elementor-section-height-default elementor-section-height-default\" data-id=\"70aca520\" data-element_type=\"section\" data-e-type=\"section\" data-settings=\"{&quot;background_background&quot;:&quot;classic&quot;}\">\n\t\t\t\t\t\t<div class=\"elementor-container elementor-column-gap-default\">\n\t\t\t\t\t<div class=\"elementor-column elementor-col-100 elementor-top-column elementor-element elementor-element-3fb2af22\" data-id=\"3fb2af22\" data-element_type=\"column\" data-e-type=\"column\">\n\t\t\t<div class=\"elementor-widget-wrap elementor-element-populated\">\n\t\t\t\t\t\t<div class=\"elementor-element elementor-element-6830534 animated-slow elementor-invisible elementor-widget elementor-widget-image\" data-id=\"6830534\" data-element_type=\"widget\" data-e-type=\"widget\" data-settings=\"{&quot;_animation&quot;:&quot;fadeIn&quot;}\" data-widget_type=\"image.default\">\n\t\t\t\t<div class=\"elementor-widget-container\">\n\t\t\t\t\t\t\t\t\t\t\t\t\t\t\t<img decoding=\"async\" width=\"2560\" height=\"1709\" src=\"https:\/\/events.espot.fr\/wp-content\/uploads\/2024\/01\/ESL-scaled.jpg\" class=\"attachment-full size-full wp-image-551\" alt=\"\" srcset=\"https:\/\/events.espot.fr\/wp-content\/uploads\/2024\/01\/ESL-scaled.jpg 2560w, https:\/\/events.espot.fr\/wp-content\/uploads\/2024\/01\/ESL-300x200.jpg 300w, https:\/\/events.espot.fr\/wp-content\/uploads\/2024\/01\/ESL-1024x684.jpg 1024w, https:\/\/events.espot.fr\/wp-content\/uploads\/2024\/01\/ESL-768x513.jpg 768w, https:\/\/events.espot.fr\/wp-content\/uploads\/2024\/01\/ESL-1536x1025.jpg 1536w, https:\/\/events.espot.fr\/wp-content\/uploads\/2024\/01\/ESL-2048x1367.jpg 2048w\" sizes=\"(max-width: 2560px) 100vw, 2560px\" \/>\t\t\t\t\t\t\t\t\t\t\t\t\t\t\t<\/div>\n\t\t\t\t<\/div>\n\t\t\t\t\t<\/div>\n\t\t<\/div>\n\t\t\t\t\t<\/div>\n\t\t<\/section>\n\t\t\t\t<section class=\"elementor-section elementor-top-section elementor-element elementor-element-7bd9078c elementor-section-boxed elementor-section-height-default elementor-section-height-default\" data-id=\"7bd9078c\" data-element_type=\"section\" data-e-type=\"section\" data-settings=\"{&quot;background_background&quot;:&quot;classic&quot;}\">\n\t\t\t\t\t\t<div class=\"elementor-container elementor-column-gap-default\">\n\t\t\t\t\t<div class=\"elementor-column elementor-col-50 elementor-top-column elementor-element elementor-element-6c496aff elementor-invisible\" data-id=\"6c496aff\" data-element_type=\"column\" data-e-type=\"column\" data-settings=\"{&quot;background_background&quot;:&quot;classic&quot;,&quot;animation&quot;:&quot;fadeInUp&quot;,&quot;animation_delay&quot;:&quot;200&quot;}\">\n\t\t\t<div class=\"elementor-widget-wrap elementor-element-populated\">\n\t\t\t\t\t\t<div class=\"elementor-element elementor-element-3d41fcb6 elementor-widget elementor-widget-spacer\" data-id=\"3d41fcb6\" data-element_type=\"widget\" data-e-type=\"widget\" data-widget_type=\"spacer.default\">\n\t\t\t\t<div class=\"elementor-widget-container\">\n\t\t\t\t\t\t\t<div class=\"elementor-spacer\">\n\t\t\t<div class=\"elementor-spacer-inner\"><\/div>\n\t\t<\/div>\n\t\t\t\t\t\t<\/div>\n\t\t\t\t<\/div>\n\t\t\t\t\t<\/div>\n\t\t<\/div>\n\t\t\t\t<div class=\"elementor-column elementor-col-50 elementor-top-column elementor-element elementor-element-778fd9fe\" data-id=\"778fd9fe\" data-element_type=\"column\" data-e-type=\"column\">\n\t\t\t<div class=\"elementor-widget-wrap\">\n\t\t\t\t\t\t\t<\/div>\n\t\t<\/div>\n\t\t\t\t\t<\/div>\n\t\t<\/section>\n\t\t\t\t<section class=\"elementor-section elementor-top-section elementor-element elementor-element-242a753c elementor-section-boxed elementor-section-height-default elementor-section-height-default\" data-id=\"242a753c\" data-element_type=\"section\" data-e-type=\"section\" data-settings=\"{&quot;background_background&quot;:&quot;classic&quot;}\">\n\t\t\t\t\t\t<div class=\"elementor-container elementor-column-gap-default\">\n\t\t\t\t\t<div class=\"elementor-column elementor-col-100 elementor-top-column elementor-element elementor-element-35732202\" data-id=\"35732202\" data-element_type=\"column\" data-e-type=\"column\">\n\t\t\t<div class=\"elementor-widget-wrap elementor-element-populated\">\n\t\t\t\t\t\t<div class=\"elementor-element elementor-element-7b1fc7b3 animated-slow elementor-invisible elementor-widget elementor-widget-image\" data-id=\"7b1fc7b3\" data-element_type=\"widget\" data-e-type=\"widget\" data-settings=\"{&quot;_animation&quot;:&quot;fadeIn&quot;}\" data-widget_type=\"image.default\">\n\t\t\t\t<div class=\"elementor-widget-container\">\n\t\t\t\t\t\t\t\t\t\t\t\t\t\t\t<img decoding=\"async\" width=\"2560\" height=\"1707\" src=\"https:\/\/events.espot.fr\/wp-content\/uploads\/2024\/01\/CDM-scaled.jpg\" class=\"attachment-full size-full wp-image-550\" alt=\"\" srcset=\"https:\/\/events.espot.fr\/wp-content\/uploads\/2024\/01\/CDM-scaled.jpg 2560w, https:\/\/events.espot.fr\/wp-content\/uploads\/2024\/01\/CDM-300x200.jpg 300w, https:\/\/events.espot.fr\/wp-content\/uploads\/2024\/01\/CDM-1024x683.jpg 1024w, https:\/\/events.espot.fr\/wp-content\/uploads\/2024\/01\/CDM-768x512.jpg 768w, https:\/\/events.espot.fr\/wp-content\/uploads\/2024\/01\/CDM-1536x1024.jpg 1536w, https:\/\/events.espot.fr\/wp-content\/uploads\/2024\/01\/CDM-2048x1365.jpg 2048w\" sizes=\"(max-width: 2560px) 100vw, 2560px\" \/>\t\t\t\t\t\t\t\t\t\t\t\t\t\t\t<\/div>\n\t\t\t\t<\/div>\n\t\t\t\t\t<\/div>\n\t\t<\/div>\n\t\t\t\t\t<\/div>\n\t\t<\/section>\n\t\t\t\t<\/div>","protected":false},"excerpt":{"rendered":"<p>Watchparties L&rsquo;ESpot Paris a \u00e9t\u00e9 le lieu d&rsquo;accueil pour les plus grands matchs sportifs et esportifs. Dot\u00e9 d\u2019un espace Polyvalent de 150m\u00b2 totalement modulable et \u00e9quip\u00e9 d&rsquo;un \u00e9cran g\u00e9ant de 6m\u00b2. Avec une capacit\u00e9 d&rsquo;accueil pouvant atteindre 300 personnes en configuration debout et jusqu&rsquo;\u00e0 100 personnes confortablement assises. Notre espace est enti\u00e8rement personnalisable pour r\u00e9pondre [&hellip;]<\/p>\n","protected":false},"author":1,"featured_media":0,"parent":0,"menu_order":0,"comment_status":"closed","ping_status":"closed","template":"elementor_header_footer","meta":{"inline_featured_image":false,"footnotes":""},"class_list":["post-41","page","type-page","status-publish","hentry"],"_links":{"self":[{"href":"https:\/\/events.espot.fr\/en\/wp-json\/wp\/v2\/pages\/41","targetHints":{"allow":["GET"]}}],"collection":[{"href":"https:\/\/events.espot.fr\/en\/wp-json\/wp\/v2\/pages"}],"about":[{"href":"https:\/\/events.espot.fr\/en\/wp-json\/wp\/v2\/types\/page"}],"author":[{"embeddable":true,"href":"https:\/\/events.espot.fr\/en\/wp-json\/wp\/v2\/users\/1"}],"replies":[{"embeddable":true,"href":"https:\/\/events.espot.fr\/en\/wp-json\/wp\/v2\/comments?post=41"}],"version-history":[{"count":13,"href":"https:\/\/events.espot.fr\/en\/wp-json\/wp\/v2\/pages\/41\/revisions"}],"predecessor-version":[{"id":908,"href":"https:\/\/events.espot.fr\/en\/wp-json\/wp\/v2\/pages\/41\/revisions\/908"}],"wp:attachment":[{"href":"https:\/\/events.espot.fr\/en\/wp-json\/wp\/v2\/media?parent=41"}],"curies":[{"name":"wp","href":"https:\/\/api.w.org\/{rel}","templated":true}]}}